{"id":41926,"date":"2024-02-13T13:53:13","date_gmt":"2024-02-13T13:53:13","guid":{"rendered":"https:\/\/athensattica.com\/useful-sites-resources-articles\/"},"modified":"2024-10-16T14:26:53","modified_gmt":"2024-10-16T14:26:53","slug":"nuetzliche-websites-quellen-artikel","status":"publish","type":"page","link":"https:\/\/athensattica.com\/de\/nuetzliche-websites-quellen-artikel\/","title":{"rendered":"N\u00fctzliche Websites \/ Quellen \/ Artikel"},"content":{"rendered":"","protected":false},"excerpt":{"rendered":"","protected":false},"author":2,"featured_media":0,"parent":0,"menu_order":0,"comment_status":"closed","ping_status":"closed","template":"page-templates\/default-full-screen-page.php","meta":{"_acf_changed":false,"footnotes":""},"class_list":["post-41926","page","type-page","status-publish","hentry"],"acf":[],"yoast_head":"<!-- This site is optimized with the Yoast SEO Premium plugin v25.2 (Yoast SEO v27.1.1) - https:\/\/yoast.com\/product\/yoast-seo-premium-wordpress\/ -->\n<title>N\u00fctzliche Websites \/ Quellen \/ Artikel | Besuchen Sie Attika<\/title>\n<meta name=\"description\" content=\"Um die Objektivit\u00e4t der Ergebnisse des Projekts f\u00fcr die nachhaltige Entwicklung des Tourismus sowie die Integrit\u00e4t und Transparenz der Werte der Indikatoren mit Ziel immer im Hinblick auf die F\u00f6rderung einer ausgewogenen Entwicklung des Tourismus\" \/>\n<meta name=\"robots\" content=\"index, follow, max-snippet:-1, max-image-preview:large, max-video-preview:-1\" \/>\n<link rel=\"canonical\" href=\"https:\/\/athensattica.com\/de\/nuetzliche-websites-quellen-artikel\/\" \/>\n<meta property=\"og:locale\" content=\"de_DE\" \/>\n<meta property=\"og:type\" content=\"article\" \/>\n<meta property=\"og:title\" content=\"N\u00fctzliche Websites \/ Quellen \/ Artikel\" \/>\n<meta property=\"og:description\" content=\"Um die Objektivit\u00e4t der Ergebnisse des Projekts f\u00fcr die nachhaltige Entwicklung des Tourismus sowie die Integrit\u00e4t und Transparenz der Werte der Indikatoren mit Ziel immer im Hinblick auf die F\u00f6rderung einer ausgewogenen Entwicklung des Tourismus\" \/>\n<meta property=\"og:url\" content=\"https:\/\/athensattica.com\/de\/nuetzliche-websites-quellen-artikel\/\" \/>\n<meta property=\"og:site_name\" content=\"Besuchen Sie Attika\" \/>\n<meta property=\"article:modified_time\" content=\"2024-10-16T14:26:53+00:00\" \/>\n<meta name=\"twitter:card\" content=\"summary_large_image\" \/>\n<meta name=\"twitter:label1\" content=\"Est. reading time\" \/>\n\t<meta name=\"twitter:data1\" content=\"1 minute\" \/>\n<script type=\"application\/ld+json\" class=\"yoast-schema-graph\">{\"@context\":\"https:\/\/schema.org\",\"@graph\":[{\"@type\":\"WebPage\",\"@id\":\"https:\/\/athensattica.com\/de\/nuetzliche-websites-quellen-artikel\/\",\"url\":\"https:\/\/athensattica.com\/de\/nuetzliche-websites-quellen-artikel\/\",\"name\":\"N\u00fctzliche Websites \/ Quellen \/ Artikel | Besuchen Sie Attika\",\"isPartOf\":{\"@id\":\"https:\/\/athensattica.com\/de\/#website\"},\"datePublished\":\"2024-02-13T13:53:13+00:00\",\"dateModified\":\"2024-10-16T14:26:53+00:00\",\"description\":\"Um die Objektivit\u00e4t der Ergebnisse des Projekts f\u00fcr die nachhaltige Entwicklung des Tourismus sowie die Integrit\u00e4t und Transparenz der Werte der Indikatoren mit Ziel immer im Hinblick auf die F\u00f6rderung einer ausgewogenen Entwicklung des Tourismus\",\"breadcrumb\":{\"@id\":\"https:\/\/athensattica.com\/de\/nuetzliche-websites-quellen-artikel\/#breadcrumb\"},\"inLanguage\":\"de-DE\",\"potentialAction\":[{\"@type\":\"ReadAction\",\"target\":[\"https:\/\/athensattica.com\/de\/nuetzliche-websites-quellen-artikel\/\"]}]},{\"@type\":\"BreadcrumbList\",\"@id\":\"https:\/\/athensattica.com\/de\/nuetzliche-websites-quellen-artikel\/#breadcrumb\",\"itemListElement\":[{\"@type\":\"ListItem\",\"position\":1,\"name\":\"Home\",\"item\":\"https:\/\/athensattica.com\/de\/\"},{\"@type\":\"ListItem\",\"position\":2,\"name\":\"N\u00fctzliche Websites \/ Quellen \/ Artikel\"}]},{\"@type\":\"WebSite\",\"@id\":\"https:\/\/athensattica.com\/de\/#website\",\"url\":\"https:\/\/athensattica.com\/de\/\",\"name\":\"Besuchen Sie Attika\",\"description\":\"Erfahren Sie alles, was Sie \u00fcber Attika in Griechenland wissen m\u00fcssen.\",\"potentialAction\":[{\"@type\":\"SearchAction\",\"target\":{\"@type\":\"EntryPoint\",\"urlTemplate\":\"https:\/\/athensattica.com\/de\/?s={search_term_string}\"},\"query-input\":{\"@type\":\"PropertyValueSpecification\",\"valueRequired\":true,\"valueName\":\"search_term_string\"}}],\"inLanguage\":\"de-DE\"}]}<\/script>\n<!-- \/ Yoast SEO Premium plugin. -->","yoast_head_json":{"title":"N\u00fctzliche Websites \/ Quellen \/ Artikel | Besuchen Sie Attika","description":"Um die Objektivit\u00e4t der Ergebnisse des Projekts f\u00fcr die nachhaltige Entwicklung des Tourismus sowie die Integrit\u00e4t und Transparenz der Werte der Indikatoren mit Ziel immer im Hinblick auf die F\u00f6rderung einer ausgewogenen Entwicklung des Tourismus","robots":{"index":"index","follow":"follow","max-snippet":"max-snippet:-1","max-image-preview":"max-image-preview:large","max-video-preview":"max-video-preview:-1"},"canonical":"https:\/\/athensattica.com\/de\/nuetzliche-websites-quellen-artikel\/","og_locale":"de_DE","og_type":"article","og_title":"N\u00fctzliche Websites \/ Quellen \/ Artikel","og_description":"Um die Objektivit\u00e4t der Ergebnisse des Projekts f\u00fcr die nachhaltige Entwicklung des Tourismus sowie die Integrit\u00e4t und Transparenz der Werte der Indikatoren mit Ziel immer im Hinblick auf die F\u00f6rderung einer ausgewogenen Entwicklung des Tourismus","og_url":"https:\/\/athensattica.com\/de\/nuetzliche-websites-quellen-artikel\/","og_site_name":"Besuchen Sie Attika","article_modified_time":"2024-10-16T14:26:53+00:00","twitter_card":"summary_large_image","twitter_misc":{"Est. reading time":"1 minute"},"schema":{"@context":"https:\/\/schema.org","@graph":[{"@type":"WebPage","@id":"https:\/\/athensattica.com\/de\/nuetzliche-websites-quellen-artikel\/","url":"https:\/\/athensattica.com\/de\/nuetzliche-websites-quellen-artikel\/","name":"N\u00fctzliche Websites \/ Quellen \/ Artikel | Besuchen Sie Attika","isPartOf":{"@id":"https:\/\/athensattica.com\/de\/#website"},"datePublished":"2024-02-13T13:53:13+00:00","dateModified":"2024-10-16T14:26:53+00:00","description":"Um die Objektivit\u00e4t der Ergebnisse des Projekts f\u00fcr die nachhaltige Entwicklung des Tourismus sowie die Integrit\u00e4t und Transparenz der Werte der Indikatoren mit Ziel immer im Hinblick auf die F\u00f6rderung einer ausgewogenen Entwicklung des Tourismus","breadcrumb":{"@id":"https:\/\/athensattica.com\/de\/nuetzliche-websites-quellen-artikel\/#breadcrumb"},"inLanguage":"de-DE","potentialAction":[{"@type":"ReadAction","target":["https:\/\/athensattica.com\/de\/nuetzliche-websites-quellen-artikel\/"]}]},{"@type":"BreadcrumbList","@id":"https:\/\/athensattica.com\/de\/nuetzliche-websites-quellen-artikel\/#breadcrumb","itemListElement":[{"@type":"ListItem","position":1,"name":"Home","item":"https:\/\/athensattica.com\/de\/"},{"@type":"ListItem","position":2,"name":"N\u00fctzliche Websites \/ Quellen \/ Artikel"}]},{"@type":"WebSite","@id":"https:\/\/athensattica.com\/de\/#website","url":"https:\/\/athensattica.com\/de\/","name":"Besuchen Sie Attika","description":"Erfahren Sie alles, was Sie \u00fcber Attika in Griechenland wissen m\u00fcssen.","potentialAction":[{"@type":"SearchAction","target":{"@type":"EntryPoint","urlTemplate":"https:\/\/athensattica.com\/de\/?s={search_term_string}"},"query-input":{"@type":"PropertyValueSpecification","valueRequired":true,"valueName":"search_term_string"}}],"inLanguage":"de-DE"}]}},"_links":{"self":[{"href":"https:\/\/athensattica.com\/de\/wp-json\/wp\/v2\/pages\/41926","targetHints":{"allow":["GET"]}}],"collection":[{"href":"https:\/\/athensattica.com\/de\/wp-json\/wp\/v2\/pages"}],"about":[{"href":"https:\/\/athensattica.com\/de\/wp-json\/wp\/v2\/types\/page"}],"author":[{"embeddable":true,"href":"https:\/\/athensattica.com\/de\/wp-json\/wp\/v2\/users\/2"}],"replies":[{"embeddable":true,"href":"https:\/\/athensattica.com\/de\/wp-json\/wp\/v2\/comments?post=41926"}],"version-history":[{"count":5,"href":"https:\/\/athensattica.com\/de\/wp-json\/wp\/v2\/pages\/41926\/revisions"}],"predecessor-version":[{"id":43708,"href":"https:\/\/athensattica.com\/de\/wp-json\/wp\/v2\/pages\/41926\/revisions\/43708"}],"wp:attachment":[{"href":"https:\/\/athensattica.com\/de\/wp-json\/wp\/v2\/media?parent=41926"}],"curies":[{"name":"wp","href":"https:\/\/api.w.org\/{rel}","templated":true}]}}