{"id":41917,"date":"2024-02-13T13:41:05","date_gmt":"2024-02-13T13:41:05","guid":{"rendered":"https:\/\/athensattica.com\/indicator-system\/"},"modified":"2024-07-17T10:16:29","modified_gmt":"2024-07-17T10:16:29","slug":"systeme-dindicateurs","status":"publish","type":"page","link":"https:\/\/athensattica.com\/fr\/systeme-dindicateurs\/","title":{"rendered":"Syst\u00e8me d&#8217;indicateurs"},"content":{"rendered":"","protected":false},"excerpt":{"rendered":"","protected":false},"author":2,"featured_media":0,"parent":0,"menu_order":0,"comment_status":"closed","ping_status":"closed","template":"page-templates\/default-full-screen-page.php","meta":{"_acf_changed":false,"footnotes":""},"class_list":["post-41917","page","type-page","status-publish","hentry"],"acf":[],"yoast_head":"<!-- This site is optimized with the Yoast SEO Premium plugin v25.2 (Yoast SEO v27.1.1) - https:\/\/yoast.com\/product\/yoast-seo-premium-wordpress\/ -->\n<title>Syst\u00e8me d&#039;indicateurs | Visitez l&#039;Attique<\/title>\n<meta name=\"description\" content=\"Dans le cadre du fonctionnement de l&#039;observatoire du tourisme durable de la r\u00e9gion de l&#039;Attique, un grand nombre de donn\u00e9es sont collect\u00e9es et trait\u00e9es, qui non seulement refl\u00e8tent l&#039;\u00e9tat actuel du tourisme dans la r\u00e9gion consid\u00e9r\u00e9e, mais d\u00e9finissent \u00e9galement des indicateurs pertinents pour le secteur du tourisme et sa durabilit\u00e9\" \/>\n<meta name=\"robots\" content=\"index, follow, max-snippet:-1, max-image-preview:large, max-video-preview:-1\" \/>\n<link rel=\"canonical\" href=\"https:\/\/athensattica.com\/fr\/systeme-dindicateurs\/\" \/>\n<meta property=\"og:locale\" content=\"fr_FR\" \/>\n<meta property=\"og:type\" content=\"article\" \/>\n<meta property=\"og:title\" content=\"Syst\u00e8me d&#039;indicateurs\" \/>\n<meta property=\"og:description\" content=\"Dans le cadre du fonctionnement de l&#039;observatoire du tourisme durable de la r\u00e9gion de l&#039;Attique, un grand nombre de donn\u00e9es sont collect\u00e9es et trait\u00e9es, qui non seulement refl\u00e8tent l&#039;\u00e9tat actuel du tourisme dans la r\u00e9gion consid\u00e9r\u00e9e, mais d\u00e9finissent \u00e9galement des indicateurs pertinents pour le secteur du tourisme et sa durabilit\u00e9\" \/>\n<meta property=\"og:url\" content=\"https:\/\/athensattica.com\/fr\/systeme-dindicateurs\/\" \/>\n<meta property=\"og:site_name\" content=\"Visitez l&#039;Attique\" \/>\n<meta property=\"article:modified_time\" content=\"2024-07-17T10:16:29+00:00\" \/>\n<meta name=\"twitter:card\" content=\"summary_large_image\" \/>\n<meta name=\"twitter:label1\" content=\"Est. reading time\" \/>\n\t<meta name=\"twitter:data1\" content=\"2 minutes\" \/>\n<script type=\"application\/ld+json\" class=\"yoast-schema-graph\">{\"@context\":\"https:\/\/schema.org\",\"@graph\":[{\"@type\":\"WebPage\",\"@id\":\"https:\/\/athensattica.com\/fr\/systeme-dindicateurs\/\",\"url\":\"https:\/\/athensattica.com\/fr\/systeme-dindicateurs\/\",\"name\":\"Syst\u00e8me d'indicateurs | Visitez l&#039;Attique\",\"isPartOf\":{\"@id\":\"https:\/\/athensattica.com\/fr\/#website\"},\"datePublished\":\"2024-02-13T13:41:05+00:00\",\"dateModified\":\"2024-07-17T10:16:29+00:00\",\"description\":\"Dans le cadre du fonctionnement de l'observatoire du tourisme durable de la r\u00e9gion de l'Attique, un grand nombre de donn\u00e9es sont collect\u00e9es et trait\u00e9es, qui non seulement refl\u00e8tent l'\u00e9tat actuel du tourisme dans la r\u00e9gion consid\u00e9r\u00e9e, mais d\u00e9finissent \u00e9galement des indicateurs pertinents pour le secteur du tourisme et sa durabilit\u00e9\",\"breadcrumb\":{\"@id\":\"https:\/\/athensattica.com\/fr\/systeme-dindicateurs\/#breadcrumb\"},\"inLanguage\":\"fr-FR\",\"potentialAction\":[{\"@type\":\"ReadAction\",\"target\":[\"https:\/\/athensattica.com\/fr\/systeme-dindicateurs\/\"]}]},{\"@type\":\"BreadcrumbList\",\"@id\":\"https:\/\/athensattica.com\/fr\/systeme-dindicateurs\/#breadcrumb\",\"itemListElement\":[{\"@type\":\"ListItem\",\"position\":1,\"name\":\"Home\",\"item\":\"https:\/\/athensattica.com\/fr\/\"},{\"@type\":\"ListItem\",\"position\":2,\"name\":\"Syst\u00e8me d&#8217;indicateurs\"}]},{\"@type\":\"WebSite\",\"@id\":\"https:\/\/athensattica.com\/fr\/#website\",\"url\":\"https:\/\/athensattica.com\/fr\/\",\"name\":\"Visitez l&#039;Attique\",\"description\":\"D\u00e9couvrez tout ce que vous devez savoir sur l\u2019Attique en Gr\u00e8ce.\",\"potentialAction\":[{\"@type\":\"SearchAction\",\"target\":{\"@type\":\"EntryPoint\",\"urlTemplate\":\"https:\/\/athensattica.com\/fr\/?s={search_term_string}\"},\"query-input\":{\"@type\":\"PropertyValueSpecification\",\"valueRequired\":true,\"valueName\":\"search_term_string\"}}],\"inLanguage\":\"fr-FR\"}]}<\/script>\n<!-- \/ Yoast SEO Premium plugin. -->","yoast_head_json":{"title":"Syst\u00e8me d'indicateurs | Visitez l&#039;Attique","description":"Dans le cadre du fonctionnement de l'observatoire du tourisme durable de la r\u00e9gion de l'Attique, un grand nombre de donn\u00e9es sont collect\u00e9es et trait\u00e9es, qui non seulement refl\u00e8tent l'\u00e9tat actuel du tourisme dans la r\u00e9gion consid\u00e9r\u00e9e, mais d\u00e9finissent \u00e9galement des indicateurs pertinents pour le secteur du tourisme et sa durabilit\u00e9","robots":{"index":"index","follow":"follow","max-snippet":"max-snippet:-1","max-image-preview":"max-image-preview:large","max-video-preview":"max-video-preview:-1"},"canonical":"https:\/\/athensattica.com\/fr\/systeme-dindicateurs\/","og_locale":"fr_FR","og_type":"article","og_title":"Syst\u00e8me d'indicateurs","og_description":"Dans le cadre du fonctionnement de l'observatoire du tourisme durable de la r\u00e9gion de l'Attique, un grand nombre de donn\u00e9es sont collect\u00e9es et trait\u00e9es, qui non seulement refl\u00e8tent l'\u00e9tat actuel du tourisme dans la r\u00e9gion consid\u00e9r\u00e9e, mais d\u00e9finissent \u00e9galement des indicateurs pertinents pour le secteur du tourisme et sa durabilit\u00e9","og_url":"https:\/\/athensattica.com\/fr\/systeme-dindicateurs\/","og_site_name":"Visitez l&#039;Attique","article_modified_time":"2024-07-17T10:16:29+00:00","twitter_card":"summary_large_image","twitter_misc":{"Est. reading time":"2 minutes"},"schema":{"@context":"https:\/\/schema.org","@graph":[{"@type":"WebPage","@id":"https:\/\/athensattica.com\/fr\/systeme-dindicateurs\/","url":"https:\/\/athensattica.com\/fr\/systeme-dindicateurs\/","name":"Syst\u00e8me d'indicateurs | Visitez l&#039;Attique","isPartOf":{"@id":"https:\/\/athensattica.com\/fr\/#website"},"datePublished":"2024-02-13T13:41:05+00:00","dateModified":"2024-07-17T10:16:29+00:00","description":"Dans le cadre du fonctionnement de l'observatoire du tourisme durable de la r\u00e9gion de l'Attique, un grand nombre de donn\u00e9es sont collect\u00e9es et trait\u00e9es, qui non seulement refl\u00e8tent l'\u00e9tat actuel du tourisme dans la r\u00e9gion consid\u00e9r\u00e9e, mais d\u00e9finissent \u00e9galement des indicateurs pertinents pour le secteur du tourisme et sa durabilit\u00e9","breadcrumb":{"@id":"https:\/\/athensattica.com\/fr\/systeme-dindicateurs\/#breadcrumb"},"inLanguage":"fr-FR","potentialAction":[{"@type":"ReadAction","target":["https:\/\/athensattica.com\/fr\/systeme-dindicateurs\/"]}]},{"@type":"BreadcrumbList","@id":"https:\/\/athensattica.com\/fr\/systeme-dindicateurs\/#breadcrumb","itemListElement":[{"@type":"ListItem","position":1,"name":"Home","item":"https:\/\/athensattica.com\/fr\/"},{"@type":"ListItem","position":2,"name":"Syst\u00e8me d&#8217;indicateurs"}]},{"@type":"WebSite","@id":"https:\/\/athensattica.com\/fr\/#website","url":"https:\/\/athensattica.com\/fr\/","name":"Visitez l&#039;Attique","description":"D\u00e9couvrez tout ce que vous devez savoir sur l\u2019Attique en Gr\u00e8ce.","potentialAction":[{"@type":"SearchAction","target":{"@type":"EntryPoint","urlTemplate":"https:\/\/athensattica.com\/fr\/?s={search_term_string}"},"query-input":{"@type":"PropertyValueSpecification","valueRequired":true,"valueName":"search_term_string"}}],"inLanguage":"fr-FR"}]}},"_links":{"self":[{"href":"https:\/\/athensattica.com\/fr\/wp-json\/wp\/v2\/pages\/41917","targetHints":{"allow":["GET"]}}],"collection":[{"href":"https:\/\/athensattica.com\/fr\/wp-json\/wp\/v2\/pages"}],"about":[{"href":"https:\/\/athensattica.com\/fr\/wp-json\/wp\/v2\/types\/page"}],"author":[{"embeddable":true,"href":"https:\/\/athensattica.com\/fr\/wp-json\/wp\/v2\/users\/2"}],"replies":[{"embeddable":true,"href":"https:\/\/athensattica.com\/fr\/wp-json\/wp\/v2\/comments?post=41917"}],"version-history":[{"count":2,"href":"https:\/\/athensattica.com\/fr\/wp-json\/wp\/v2\/pages\/41917\/revisions"}],"predecessor-version":[{"id":42296,"href":"https:\/\/athensattica.com\/fr\/wp-json\/wp\/v2\/pages\/41917\/revisions\/42296"}],"wp:attachment":[{"href":"https:\/\/athensattica.com\/fr\/wp-json\/wp\/v2\/media?parent=41917"}],"curies":[{"name":"wp","href":"https:\/\/api.w.org\/{rel}","templated":true}]}}