{"id":41923,"date":"2024-02-13T13:45:09","date_gmt":"2024-02-13T13:45:09","guid":{"rendered":"https:\/\/athensattica.com\/institutional-framework\/"},"modified":"2024-07-17T10:21:13","modified_gmt":"2024-07-17T10:21:13","slug":"cadre-institutionnel","status":"publish","type":"page","link":"https:\/\/athensattica.com\/fr\/cadre-institutionnel\/","title":{"rendered":"Cadre institutionnel"},"content":{"rendered":"","protected":false},"excerpt":{"rendered":"","protected":false},"author":2,"featured_media":0,"parent":0,"menu_order":0,"comment_status":"closed","ping_status":"closed","template":"page-templates\/default-full-screen-page.php","meta":{"_acf_changed":false,"footnotes":""},"class_list":["post-41923","page","type-page","status-publish","hentry"],"acf":[],"yoast_head":"<!-- This site is optimized with the Yoast SEO Premium plugin v25.2 (Yoast SEO v27.1.1) - https:\/\/yoast.com\/product\/yoast-seo-premium-wordpress\/ -->\n<title>Cadre institutionnel | Visitez l&#039;Attique<\/title>\n<meta name=\"description\" content=\"Conform\u00e9ment \u00e0 l&#039;article 18, paragraphe 1, de la loi 4179\/2013, un \u00ab\u00a0Observatoire national du tourisme durable\u00a0\u00bb est cr\u00e9\u00e9 au sein du minist\u00e8re du Tourisme, sous l&#039;\u00e9gide du d\u00e9partement des statistiques touristiques de la direction de la recherche de la direction g\u00e9n\u00e9rale de la politique touristique du minist\u00e8re du Tourisme (Observatoire national)\" \/>\n<meta name=\"robots\" content=\"index, follow, max-snippet:-1, max-image-preview:large, max-video-preview:-1\" \/>\n<link rel=\"canonical\" href=\"https:\/\/athensattica.com\/fr\/cadre-institutionnel\/\" \/>\n<meta property=\"og:locale\" content=\"fr_FR\" \/>\n<meta property=\"og:type\" content=\"article\" \/>\n<meta property=\"og:title\" content=\"Cadre institutionnel\" \/>\n<meta property=\"og:description\" content=\"Conform\u00e9ment \u00e0 l&#039;article 18, paragraphe 1, de la loi 4179\/2013, un \u00ab\u00a0Observatoire national du tourisme durable\u00a0\u00bb est cr\u00e9\u00e9 au sein du minist\u00e8re du Tourisme, sous l&#039;\u00e9gide du d\u00e9partement des statistiques touristiques de la direction de la recherche de la direction g\u00e9n\u00e9rale de la politique touristique du minist\u00e8re du Tourisme (Observatoire national)\" \/>\n<meta property=\"og:url\" content=\"https:\/\/athensattica.com\/fr\/cadre-institutionnel\/\" \/>\n<meta property=\"og:site_name\" content=\"Visitez l&#039;Attique\" \/>\n<meta property=\"article:modified_time\" content=\"2024-07-17T10:21:13+00:00\" \/>\n<meta name=\"twitter:card\" content=\"summary_large_image\" \/>\n<meta name=\"twitter:label1\" content=\"Est. reading time\" \/>\n\t<meta name=\"twitter:data1\" content=\"1 minute\" \/>\n<script type=\"application\/ld+json\" class=\"yoast-schema-graph\">{\"@context\":\"https:\/\/schema.org\",\"@graph\":[{\"@type\":\"WebPage\",\"@id\":\"https:\/\/athensattica.com\/fr\/cadre-institutionnel\/\",\"url\":\"https:\/\/athensattica.com\/fr\/cadre-institutionnel\/\",\"name\":\"Cadre institutionnel | Visitez l&#039;Attique\",\"isPartOf\":{\"@id\":\"https:\/\/athensattica.com\/fr\/#website\"},\"datePublished\":\"2024-02-13T13:45:09+00:00\",\"dateModified\":\"2024-07-17T10:21:13+00:00\",\"description\":\"Conform\u00e9ment \u00e0 l'article 18, paragraphe 1, de la loi 4179\/2013, un \u00ab\u00a0Observatoire national du tourisme durable\u00a0\u00bb est cr\u00e9\u00e9 au sein du minist\u00e8re du Tourisme, sous l'\u00e9gide du d\u00e9partement des statistiques touristiques de la direction de la recherche de la direction g\u00e9n\u00e9rale de la politique touristique du minist\u00e8re du Tourisme (Observatoire national)\",\"breadcrumb\":{\"@id\":\"https:\/\/athensattica.com\/fr\/cadre-institutionnel\/#breadcrumb\"},\"inLanguage\":\"fr-FR\",\"potentialAction\":[{\"@type\":\"ReadAction\",\"target\":[\"https:\/\/athensattica.com\/fr\/cadre-institutionnel\/\"]}]},{\"@type\":\"BreadcrumbList\",\"@id\":\"https:\/\/athensattica.com\/fr\/cadre-institutionnel\/#breadcrumb\",\"itemListElement\":[{\"@type\":\"ListItem\",\"position\":1,\"name\":\"Home\",\"item\":\"https:\/\/athensattica.com\/fr\/\"},{\"@type\":\"ListItem\",\"position\":2,\"name\":\"Cadre institutionnel\"}]},{\"@type\":\"WebSite\",\"@id\":\"https:\/\/athensattica.com\/fr\/#website\",\"url\":\"https:\/\/athensattica.com\/fr\/\",\"name\":\"Visitez l&#039;Attique\",\"description\":\"D\u00e9couvrez tout ce que vous devez savoir sur l\u2019Attique en Gr\u00e8ce.\",\"potentialAction\":[{\"@type\":\"SearchAction\",\"target\":{\"@type\":\"EntryPoint\",\"urlTemplate\":\"https:\/\/athensattica.com\/fr\/?s={search_term_string}\"},\"query-input\":{\"@type\":\"PropertyValueSpecification\",\"valueRequired\":true,\"valueName\":\"search_term_string\"}}],\"inLanguage\":\"fr-FR\"}]}<\/script>\n<!-- \/ Yoast SEO Premium plugin. -->","yoast_head_json":{"title":"Cadre institutionnel | Visitez l&#039;Attique","description":"Conform\u00e9ment \u00e0 l'article 18, paragraphe 1, de la loi 4179\/2013, un \u00ab\u00a0Observatoire national du tourisme durable\u00a0\u00bb est cr\u00e9\u00e9 au sein du minist\u00e8re du Tourisme, sous l'\u00e9gide du d\u00e9partement des statistiques touristiques de la direction de la recherche de la direction g\u00e9n\u00e9rale de la politique touristique du minist\u00e8re du Tourisme (Observatoire national)","robots":{"index":"index","follow":"follow","max-snippet":"max-snippet:-1","max-image-preview":"max-image-preview:large","max-video-preview":"max-video-preview:-1"},"canonical":"https:\/\/athensattica.com\/fr\/cadre-institutionnel\/","og_locale":"fr_FR","og_type":"article","og_title":"Cadre institutionnel","og_description":"Conform\u00e9ment \u00e0 l'article 18, paragraphe 1, de la loi 4179\/2013, un \u00ab\u00a0Observatoire national du tourisme durable\u00a0\u00bb est cr\u00e9\u00e9 au sein du minist\u00e8re du Tourisme, sous l'\u00e9gide du d\u00e9partement des statistiques touristiques de la direction de la recherche de la direction g\u00e9n\u00e9rale de la politique touristique du minist\u00e8re du Tourisme (Observatoire national)","og_url":"https:\/\/athensattica.com\/fr\/cadre-institutionnel\/","og_site_name":"Visitez l&#039;Attique","article_modified_time":"2024-07-17T10:21:13+00:00","twitter_card":"summary_large_image","twitter_misc":{"Est. reading time":"1 minute"},"schema":{"@context":"https:\/\/schema.org","@graph":[{"@type":"WebPage","@id":"https:\/\/athensattica.com\/fr\/cadre-institutionnel\/","url":"https:\/\/athensattica.com\/fr\/cadre-institutionnel\/","name":"Cadre institutionnel | Visitez l&#039;Attique","isPartOf":{"@id":"https:\/\/athensattica.com\/fr\/#website"},"datePublished":"2024-02-13T13:45:09+00:00","dateModified":"2024-07-17T10:21:13+00:00","description":"Conform\u00e9ment \u00e0 l'article 18, paragraphe 1, de la loi 4179\/2013, un \u00ab\u00a0Observatoire national du tourisme durable\u00a0\u00bb est cr\u00e9\u00e9 au sein du minist\u00e8re du Tourisme, sous l'\u00e9gide du d\u00e9partement des statistiques touristiques de la direction de la recherche de la direction g\u00e9n\u00e9rale de la politique touristique du minist\u00e8re du Tourisme (Observatoire national)","breadcrumb":{"@id":"https:\/\/athensattica.com\/fr\/cadre-institutionnel\/#breadcrumb"},"inLanguage":"fr-FR","potentialAction":[{"@type":"ReadAction","target":["https:\/\/athensattica.com\/fr\/cadre-institutionnel\/"]}]},{"@type":"BreadcrumbList","@id":"https:\/\/athensattica.com\/fr\/cadre-institutionnel\/#breadcrumb","itemListElement":[{"@type":"ListItem","position":1,"name":"Home","item":"https:\/\/athensattica.com\/fr\/"},{"@type":"ListItem","position":2,"name":"Cadre institutionnel"}]},{"@type":"WebSite","@id":"https:\/\/athensattica.com\/fr\/#website","url":"https:\/\/athensattica.com\/fr\/","name":"Visitez l&#039;Attique","description":"D\u00e9couvrez tout ce que vous devez savoir sur l\u2019Attique en Gr\u00e8ce.","potentialAction":[{"@type":"SearchAction","target":{"@type":"EntryPoint","urlTemplate":"https:\/\/athensattica.com\/fr\/?s={search_term_string}"},"query-input":{"@type":"PropertyValueSpecification","valueRequired":true,"valueName":"search_term_string"}}],"inLanguage":"fr-FR"}]}},"_links":{"self":[{"href":"https:\/\/athensattica.com\/fr\/wp-json\/wp\/v2\/pages\/41923","targetHints":{"allow":["GET"]}}],"collection":[{"href":"https:\/\/athensattica.com\/fr\/wp-json\/wp\/v2\/pages"}],"about":[{"href":"https:\/\/athensattica.com\/fr\/wp-json\/wp\/v2\/types\/page"}],"author":[{"embeddable":true,"href":"https:\/\/athensattica.com\/fr\/wp-json\/wp\/v2\/users\/2"}],"replies":[{"embeddable":true,"href":"https:\/\/athensattica.com\/fr\/wp-json\/wp\/v2\/comments?post=41923"}],"version-history":[{"count":2,"href":"https:\/\/athensattica.com\/fr\/wp-json\/wp\/v2\/pages\/41923\/revisions"}],"predecessor-version":[{"id":42302,"href":"https:\/\/athensattica.com\/fr\/wp-json\/wp\/v2\/pages\/41923\/revisions\/42302"}],"wp:attachment":[{"href":"https:\/\/athensattica.com\/fr\/wp-json\/wp\/v2\/media?parent=41923"}],"curies":[{"name":"wp","href":"https:\/\/api.w.org\/{rel}","templated":true}]}}